{"id":9937,"date":"2016-12-22T00:00:00","date_gmt":"2016-12-22T00:00:00","guid":{"rendered":"https:\/\/promz.be\/product\/seau-a-glace-wellington\/"},"modified":"2016-12-22T00:00:00","modified_gmt":"2016-12-22T00:00:00","slug":"seau-a-glace-wellington","status":"publish","type":"product","link":"https:\/\/promz.be\/fr\/product\/seau-a-glace-wellington\/","title":{"rendered":"Seau a glace Wellington"},"content":{"rendered":"<p>(Prix de d\u00e9part)<br \/>\nDescription<\/p>\n<p>Seau \u00e0 glace Wellington. Conservez votre bouteille de champagne ou de vin bien au frais. Placez la bouteille dans le seau \u00e0 glace et recouvrez-la de gla\u00e7ons. Convient aux bouteilles d&#8217;un diam\u00e8tre jusqu&#8217;\u00e0 14 cm environ. Pr\u00e9sentation dans un coffret cadeau Seasons. Design exclusif. Acier. \u00d8 28,7 x 32,4 x 20 cm.<br \/>\nQuantit\u00e9 minimale: 5 (imprim\u00e9 10)<\/p>\n","protected":false},"excerpt":{"rendered":"<p>(Prix de d\u00e9part)<br \/>\nDescription<\/p>\n<p>Seau \u00e0 glace Wellington. Conservez votre bouteille de champagne ou de vin bien au frais. Placez la bouteille dans le seau \u00e0 glace et recouvrez-la de gla\u00e7ons. Convient aux bouteilles d&#8217;un diam\u00e8tre jusqu&#8217;\u00e0 14 cm environ. Pr\u00e9sentation dans un coffret cadeau Seasons. Design exclusif. Acier. \u00d8 28,7 x 32,4 x 20 cm.<br \/>\nQuantit\u00e9 minimale: 5 (imprim\u00e9 10) [&#8230;]<\/p>\n<p><a class=\"btn btn-secondary understrap-read-more-link\" href=\"https:\/\/promz.be\/fr\/product\/seau-a-glace-wellington\/\">Lire la suite&#8230;<\/a><\/p>\n","protected":false},"featured_media":9488,"comment_status":"closed","ping_status":"open","template":"","meta":[],"product_cat":[8745],"product_tag":[3540,1059,1065],"_links":{"self":[{"href":"https:\/\/promz.be\/fr\/wp-json\/wp\/v2\/product\/9937"}],"collection":[{"href":"https:\/\/promz.be\/fr\/wp-json\/wp\/v2\/product"}],"about":[{"href":"https:\/\/promz.be\/fr\/wp-json\/wp\/v2\/types\/product"}],"replies":[{"embeddable":true,"href":"https:\/\/promz.be\/fr\/wp-json\/wp\/v2\/comments?post=9937"}],"wp:featuredmedia":[{"embeddable":true,"href":"https:\/\/promz.be\/fr\/wp-json\/wp\/v2\/media\/9488"}],"wp:attachment":[{"href":"https:\/\/promz.be\/fr\/wp-json\/wp\/v2\/media?parent=9937"}],"wp:term":[{"taxonomy":"product_cat","embeddable":true,"href":"https:\/\/promz.be\/fr\/wp-json\/wp\/v2\/product_cat?post=9937"},{"taxonomy":"product_tag","embeddable":true,"href":"https:\/\/promz.be\/fr\/wp-json\/wp\/v2\/product_tag?post=9937"}],"curies":[{"name":"wp","href":"https:\/\/api.w.org\/{rel}","templated":true}]}}