{"id":9942,"date":"2017-06-08T00:00:00","date_gmt":"2016-12-22T00:00:00","guid":{"rendered":"https:\/\/promz.be\/product\/stylo-bille-twist-winona\/"},"modified":"2016-12-22T00:00:00","modified_gmt":"2016-12-22T00:00:00","slug":"stylo-bille-twist-winona","status":"publish","type":"product","link":"https:\/\/promz.be\/fr\/product\/stylo-bille-twist-winona\/","title":{"rendered":"Stylo bille twist Winona"},"content":{"rendered":"<p>(Prix de d\u00e9part)<br \/>\nDescription<\/p>\n<p>Stylo bille twist Winona. Un stylo au look r\u00e9solument moderne avec son corps en fibre de verre. Livr\u00e9 sous \u00e9tui cylindrique imitation carbone. M\u00e9tal.<br \/>\nQuantit\u00e9 minimale: 5 (imprim\u00e9 10)<\/p>\n","protected":false},"excerpt":{"rendered":"<p>(Prix de d\u00e9part)<br \/>\nDescription<\/p>\n<p>Stylo bille twist Winona. Un stylo au look r\u00e9solument moderne avec son corps en fibre de verre. Livr\u00e9 sous \u00e9tui cylindrique imitation carbone. M\u00e9tal.<br \/>\nQuantit\u00e9 minimale: 5 (imprim\u00e9 10) [&#8230;]<\/p>\n<p><a class=\"btn btn-secondary understrap-read-more-link\" href=\"https:\/\/promz.be\/fr\/product\/stylo-bille-twist-winona\/\">Lire la suite&#8230;<\/a><\/p>\n","protected":false},"featured_media":8787,"comment_status":"closed","ping_status":"closed","template":"","meta":[],"product_cat":[951,1010],"product_tag":[],"_links":{"self":[{"href":"https:\/\/promz.be\/fr\/wp-json\/wp\/v2\/product\/9942"}],"collection":[{"href":"https:\/\/promz.be\/fr\/wp-json\/wp\/v2\/product"}],"about":[{"href":"https:\/\/promz.be\/fr\/wp-json\/wp\/v2\/types\/product"}],"replies":[{"embeddable":true,"href":"https:\/\/promz.be\/fr\/wp-json\/wp\/v2\/comments?post=9942"}],"wp:featuredmedia":[{"embeddable":true,"href":"https:\/\/promz.be\/fr\/wp-json\/wp\/v2\/media\/8787"}],"wp:attachment":[{"href":"https:\/\/promz.be\/fr\/wp-json\/wp\/v2\/media?parent=9942"}],"wp:term":[{"taxonomy":"product_cat","embeddable":true,"href":"https:\/\/promz.be\/fr\/wp-json\/wp\/v2\/product_cat?post=9942"},{"taxonomy":"product_tag","embeddable":true,"href":"https:\/\/promz.be\/fr\/wp-json\/wp\/v2\/product_tag?post=9942"}],"curies":[{"name":"wp","href":"https:\/\/api.w.org\/{rel}","templated":true}]}}