{"id":9949,"date":"2016-12-22T00:00:00","date_gmt":"2016-12-22T00:00:00","guid":{"rendered":"https:\/\/promz.be\/product\/montre-cardiofrequencemetre\/"},"modified":"2016-12-22T00:00:00","modified_gmt":"2016-12-22T00:00:00","slug":"montre-cardiofrequencemetre","status":"publish","type":"product","link":"https:\/\/promz.be\/fr\/product\/montre-cardiofrequencemetre\/","title":{"rendered":"Montre cardiofr\u00e9quencem\u00e8tre"},"content":{"rendered":"<p>(Prix de d\u00e9part)<br \/>\nDescription<\/p>\n<ul>\n<li>\u00c9metteur sans fil.<\/li>\n<li>Fr\u00e9quence cardiaque moyenne et maximum.<\/li>\n<li>Chronom\u00e8tre.<\/li>\n<li>R\u00e9glage de la zone cible avec alarme.<\/li>\n<li>R\u00e9capitulatif des donn\u00e9es.<\/li>\n<li>2 pilles boutons incluses.<\/li>\n<li>Quantit\u00e9 minimale: 5 (imprim\u00e9 10)<\/li>\n<\/ul>\n","protected":false},"excerpt":{"rendered":"<p>(Prix de d\u00e9part)<br \/>\nDescription<\/p>\n<ul>\n<li>\u00c9metteur sans fil.<\/li>\n<li>Fr\u00e9quence cardiaque moyenne et maximum.<\/li>\n<li>Chronom\u00e8tre.<\/li>\n<li>R\u00e9glage de la zone cible avec alarme.<\/li>\n<li>R\u00e9capitulatif des donn\u00e9es.<\/li>\n<li>2 pilles boutons incluses.<\/li>\n<li>Quantit\u00e9 minimale: 5 (imprim\u00e9 10)<\/li>\n<\/ul>\n<p> [&#8230;]<\/p>\n<p><a class=\"btn btn-secondary understrap-read-more-link\" href=\"https:\/\/promz.be\/fr\/product\/montre-cardiofrequencemetre\/\">Lire la suite&#8230;<\/a><\/p>\n","protected":false},"featured_media":7949,"comment_status":"closed","ping_status":"open","template":"","meta":[],"product_cat":[8745],"product_tag":[3584,1059,1065],"_links":{"self":[{"href":"https:\/\/promz.be\/fr\/wp-json\/wp\/v2\/product\/9949"}],"collection":[{"href":"https:\/\/promz.be\/fr\/wp-json\/wp\/v2\/product"}],"about":[{"href":"https:\/\/promz.be\/fr\/wp-json\/wp\/v2\/types\/product"}],"replies":[{"embeddable":true,"href":"https:\/\/promz.be\/fr\/wp-json\/wp\/v2\/comments?post=9949"}],"wp:featuredmedia":[{"embeddable":true,"href":"https:\/\/promz.be\/fr\/wp-json\/wp\/v2\/media\/7949"}],"wp:attachment":[{"href":"https:\/\/promz.be\/fr\/wp-json\/wp\/v2\/media?parent=9949"}],"wp:term":[{"taxonomy":"product_cat","embeddable":true,"href":"https:\/\/promz.be\/fr\/wp-json\/wp\/v2\/product_cat?post=9949"},{"taxonomy":"product_tag","embeddable":true,"href":"https:\/\/promz.be\/fr\/wp-json\/wp\/v2\/product_tag?post=9949"}],"curies":[{"name":"wp","href":"https:\/\/api.w.org\/{rel}","templated":true}]}}