{"id":9950,"date":"2016-12-22T00:00:00","date_gmt":"2016-12-22T00:00:00","guid":{"rendered":"https:\/\/promz.be\/product\/lampe-led-a-poussoir\/"},"modified":"2016-12-22T00:00:00","modified_gmt":"2016-12-22T00:00:00","slug":"lampe-led-a-poussoir","status":"publish","type":"product","link":"https:\/\/promz.be\/fr\/product\/lampe-led-a-poussoir\/","title":{"rendered":"Lampe LED \u00e0 poussoir"},"content":{"rendered":"<p>(Prix de d\u00e9part)<br \/>\nDescription<\/p>\n<p>Illuminez votre bureau ou votre maison gr\u00e2ce \u00e0 cette lampe LED. Accrochez-la o\u00f9 bon vous semble et allumez\/ \u00e9teignez-la par une simple pression sur la LED. 3 Piles AAA incluses.<br \/>\nQuantit\u00e9 minimale: 10 (imprim\u00e9 25)<\/p>\n","protected":false},"excerpt":{"rendered":"<p>(Prix de d\u00e9part)<br \/>\nDescription<\/p>\n<p>Illuminez votre bureau ou votre maison gr\u00e2ce \u00e0 cette lampe LED. Accrochez-la o\u00f9 bon vous semble et allumez\/ \u00e9teignez-la par une simple pression sur la LED. 3 Piles AAA incluses.<br \/>\nQuantit\u00e9 minimale: 10 (imprim\u00e9 25) [&#8230;]<\/p>\n<p><a class=\"btn btn-secondary understrap-read-more-link\" href=\"https:\/\/promz.be\/fr\/product\/lampe-led-a-poussoir\/\">Lire la suite&#8230;<\/a><\/p>\n","protected":false},"featured_media":8027,"comment_status":"closed","ping_status":"open","template":"","meta":[],"product_cat":[8745],"product_tag":[6161,1059,1065],"_links":{"self":[{"href":"https:\/\/promz.be\/fr\/wp-json\/wp\/v2\/product\/9950"}],"collection":[{"href":"https:\/\/promz.be\/fr\/wp-json\/wp\/v2\/product"}],"about":[{"href":"https:\/\/promz.be\/fr\/wp-json\/wp\/v2\/types\/product"}],"replies":[{"embeddable":true,"href":"https:\/\/promz.be\/fr\/wp-json\/wp\/v2\/comments?post=9950"}],"wp:featuredmedia":[{"embeddable":true,"href":"https:\/\/promz.be\/fr\/wp-json\/wp\/v2\/media\/8027"}],"wp:attachment":[{"href":"https:\/\/promz.be\/fr\/wp-json\/wp\/v2\/media?parent=9950"}],"wp:term":[{"taxonomy":"product_cat","embeddable":true,"href":"https:\/\/promz.be\/fr\/wp-json\/wp\/v2\/product_cat?post=9950"},{"taxonomy":"product_tag","embeddable":true,"href":"https:\/\/promz.be\/fr\/wp-json\/wp\/v2\/product_tag?post=9950"}],"curies":[{"name":"wp","href":"https:\/\/api.w.org\/{rel}","templated":true}]}}