{"id":9951,"date":"2017-12-18T00:00:00","date_gmt":"2016-12-22T00:00:00","guid":{"rendered":"https:\/\/promz.be\/product\/smoothie-2-go\/"},"modified":"2016-12-22T00:00:00","modified_gmt":"2016-12-22T00:00:00","slug":"smoothie-2-go","status":"publish","type":"product","link":"https:\/\/promz.be\/fr\/product\/smoothie-2-go\/","title":{"rendered":"Smoothie 2 go"},"content":{"rendered":"<p>(Prix de d\u00e9part)<br \/>\nDescription<\/p>\n<p>Restez en bonne sant\u00e9 et mixez vos smoothies ou shakes pr\u00e9f\u00e9r\u00e9s directement dans la bouteille en Tritan 550ml. Pile la glace, mixe les fruits frais comme congel\u00e9s, les l\u00e9gumes et m\u00eame les fruits secs avec une lame en acier inoxydable et 300 Watts. Sans BPA. Avec manuel et d\u2019excellentes recettes.<br \/>\nQuantit\u00e9 minimale: 5 (imprim\u00e9 10)<\/p>\n","protected":false},"excerpt":{"rendered":"<p>(Prix de d\u00e9part)<br \/>\nDescription<\/p>\n<p>Restez en bonne sant\u00e9 et mixez vos smoothies ou shakes pr\u00e9f\u00e9r\u00e9s directement dans la bouteille en Tritan 550ml. Pile la glace, mixe les fruits frais comme congel\u00e9s, les l\u00e9gumes et m\u00eame les fruits secs avec une lame en acier inoxydable et 300 Watts. Sans BPA. Avec manuel et d\u2019excellentes recettes.<br \/>\nQuantit\u00e9 minimale: 5 (imprim\u00e9 10) [&#8230;]<\/p>\n<p><a class=\"btn btn-secondary understrap-read-more-link\" href=\"https:\/\/promz.be\/fr\/product\/smoothie-2-go\/\">Lire la suite&#8230;<\/a><\/p>\n","protected":false},"featured_media":8031,"comment_status":"closed","ping_status":"open","template":"","meta":[],"product_cat":[988,950],"product_tag":[],"_links":{"self":[{"href":"https:\/\/promz.be\/fr\/wp-json\/wp\/v2\/product\/9951"}],"collection":[{"href":"https:\/\/promz.be\/fr\/wp-json\/wp\/v2\/product"}],"about":[{"href":"https:\/\/promz.be\/fr\/wp-json\/wp\/v2\/types\/product"}],"replies":[{"embeddable":true,"href":"https:\/\/promz.be\/fr\/wp-json\/wp\/v2\/comments?post=9951"}],"wp:featuredmedia":[{"embeddable":true,"href":"https:\/\/promz.be\/fr\/wp-json\/wp\/v2\/media\/8031"}],"wp:attachment":[{"href":"https:\/\/promz.be\/fr\/wp-json\/wp\/v2\/media?parent=9951"}],"wp:term":[{"taxonomy":"product_cat","embeddable":true,"href":"https:\/\/promz.be\/fr\/wp-json\/wp\/v2\/product_cat?post=9951"},{"taxonomy":"product_tag","embeddable":true,"href":"https:\/\/promz.be\/fr\/wp-json\/wp\/v2\/product_tag?post=9951"}],"curies":[{"name":"wp","href":"https:\/\/api.w.org\/{rel}","templated":true}]}}