{"id":9952,"date":"2016-12-22T00:00:00","date_gmt":"2016-12-22T00:00:00","guid":{"rendered":"https:\/\/promz.be\/product\/keysmart-2-0-extended\/"},"modified":"2016-12-22T00:00:00","modified_gmt":"2016-12-22T00:00:00","slug":"keysmart-2-0-extended","status":"publish","type":"product","link":"https:\/\/promz.be\/fr\/product\/keysmart-2-0-extended\/","title":{"rendered":"Keysmart 2.0 Extended"},"content":{"rendered":"<p>(Prix de d\u00e9part)<br \/>\nDescription<\/p>\n<p>Le KeySmart Extended 2.0 est un porte cl\u00e9 compact vous permettant de ranger jusqu&#8217;\u00e0 8 cl\u00e9s (capacit\u00e9 extensible en option) de la m\u00eame mani\u00e8re qu&#8217;un couteau Suisse.<br \/>\nQuantit\u00e9 minimale: 25 (imprim\u00e9 50)<\/p>\n","protected":false},"excerpt":{"rendered":"<p>(Prix de d\u00e9part)<br \/>\nDescription<\/p>\n<p>Le KeySmart Extended 2.0 est un porte cl\u00e9 compact vous permettant de ranger jusqu&#8217;\u00e0 8 cl\u00e9s (capacit\u00e9 extensible en option) de la m\u00eame mani\u00e8re qu&#8217;un couteau Suisse.<br \/>\nQuantit\u00e9 minimale: 25 (imprim\u00e9 50) [&#8230;]<\/p>\n<p><a class=\"btn btn-secondary understrap-read-more-link\" href=\"https:\/\/promz.be\/fr\/product\/keysmart-2-0-extended\/\">Lire la suite&#8230;<\/a><\/p>\n","protected":false},"featured_media":8995,"comment_status":"closed","ping_status":"open","template":"","meta":[],"product_cat":[948,1018],"product_tag":[2793,1059,3286,1065],"_links":{"self":[{"href":"https:\/\/promz.be\/fr\/wp-json\/wp\/v2\/product\/9952"}],"collection":[{"href":"https:\/\/promz.be\/fr\/wp-json\/wp\/v2\/product"}],"about":[{"href":"https:\/\/promz.be\/fr\/wp-json\/wp\/v2\/types\/product"}],"replies":[{"embeddable":true,"href":"https:\/\/promz.be\/fr\/wp-json\/wp\/v2\/comments?post=9952"}],"wp:featuredmedia":[{"embeddable":true,"href":"https:\/\/promz.be\/fr\/wp-json\/wp\/v2\/media\/8995"}],"wp:attachment":[{"href":"https:\/\/promz.be\/fr\/wp-json\/wp\/v2\/media?parent=9952"}],"wp:term":[{"taxonomy":"product_cat","embeddable":true,"href":"https:\/\/promz.be\/fr\/wp-json\/wp\/v2\/product_cat?post=9952"},{"taxonomy":"product_tag","embeddable":true,"href":"https:\/\/promz.be\/fr\/wp-json\/wp\/v2\/product_tag?post=9952"}],"curies":[{"name":"wp","href":"https:\/\/api.w.org\/{rel}","templated":true}]}}