{"id":9955,"date":"2016-12-20T00:00:00","date_gmt":"2016-12-20T00:00:00","guid":{"rendered":"https:\/\/promz.be\/product\/porte-cles-avec-stylet-aria\/"},"modified":"2016-12-20T00:00:00","modified_gmt":"2016-12-20T00:00:00","slug":"porte-cles-avec-stylet-aria","status":"publish","type":"product","link":"https:\/\/promz.be\/fr\/product\/porte-cles-avec-stylet-aria\/","title":{"rendered":"Porte-cles avec stylet Aria"},"content":{"rendered":"<p>(Prix de d\u00e9part)<br \/>\nDescription<\/p>\n<p>Porte-cl\u00e9s avec stylet Aria. Mini stylet pour \u00e9cran tactile avec fonction porte-cl\u00e9s. M\u00e9tal.<br \/>\nQuantit\u00e9 minimale: 50 (imprim\u00e9: 100)<\/p>\n","protected":false},"excerpt":{"rendered":"<p>(Prix de d\u00e9part)<br \/>\nDescription<\/p>\n<p>Porte-cl\u00e9s avec stylet Aria. Mini stylet pour \u00e9cran tactile avec fonction porte-cl\u00e9s. M\u00e9tal.<br \/>\nQuantit\u00e9 minimale: 50 (imprim\u00e9: 100) [&#8230;]<\/p>\n<p><a class=\"btn btn-secondary understrap-read-more-link\" href=\"https:\/\/promz.be\/fr\/product\/porte-cles-avec-stylet-aria\/\">Lire la suite&#8230;<\/a><\/p>\n","protected":false},"featured_media":8972,"comment_status":"closed","ping_status":"open","template":"","meta":[],"product_cat":[948,1018],"product_tag":[1059,3286,1065],"_links":{"self":[{"href":"https:\/\/promz.be\/fr\/wp-json\/wp\/v2\/product\/9955"}],"collection":[{"href":"https:\/\/promz.be\/fr\/wp-json\/wp\/v2\/product"}],"about":[{"href":"https:\/\/promz.be\/fr\/wp-json\/wp\/v2\/types\/product"}],"replies":[{"embeddable":true,"href":"https:\/\/promz.be\/fr\/wp-json\/wp\/v2\/comments?post=9955"}],"wp:featuredmedia":[{"embeddable":true,"href":"https:\/\/promz.be\/fr\/wp-json\/wp\/v2\/media\/8972"}],"wp:attachment":[{"href":"https:\/\/promz.be\/fr\/wp-json\/wp\/v2\/media?parent=9955"}],"wp:term":[{"taxonomy":"product_cat","embeddable":true,"href":"https:\/\/promz.be\/fr\/wp-json\/wp\/v2\/product_cat?post=9955"},{"taxonomy":"product_tag","embeddable":true,"href":"https:\/\/promz.be\/fr\/wp-json\/wp\/v2\/product_tag?post=9955"}],"curies":[{"name":"wp","href":"https:\/\/api.w.org\/{rel}","templated":true}]}}