{"id":9956,"date":"2018-01-19T00:00:00","date_gmt":"2016-12-20T00:00:00","guid":{"rendered":"https:\/\/promz.be\/product\/trousse-de-premiers-secours-20-pcs\/"},"modified":"2016-12-20T00:00:00","modified_gmt":"2016-12-20T00:00:00","slug":"trousse-de-premiers-secours-20-pcs","status":"publish","type":"product","link":"https:\/\/promz.be\/fr\/product\/trousse-de-premiers-secours-20-pcs\/","title":{"rendered":"Trousse de premiers secours 20 pcs"},"content":{"rendered":"<p>(Prix de d\u00e9part)<br \/>\nDescription<\/p>\n<p>Trousse de premiers secours. 5 pansements, 4 compresses \u00e0 alcool, bandage, 2 \u00e9pingles \u00e0 nourrice s\u00e9curit\u00e9, 5 gazes et ciseaux dans pochette nylon 70D. Livr\u00e9 sous polybag. Conforme \u00e0 la norme EN13485. 72 grammes<br \/>\nQuantit\u00e9 Minimale: 25 (impim\u00e9 50)<\/p>\n","protected":false},"excerpt":{"rendered":"<p>(Prix de d\u00e9part)<br \/>\nDescription<\/p>\n<p>Trousse de premiers secours. 5 pansements, 4 compresses \u00e0 alcool, bandage, 2 \u00e9pingles \u00e0 nourrice s\u00e9curit\u00e9, 5 gazes et ciseaux dans pochette nylon 70D. Livr\u00e9 sous polybag. Conforme \u00e0 la norme EN13485. 72 grammes<br \/>\nQuantit\u00e9 Minimale: 25 (impim\u00e9 50) [&#8230;]<\/p>\n<p><a class=\"btn btn-secondary understrap-read-more-link\" href=\"https:\/\/promz.be\/fr\/product\/trousse-de-premiers-secours-20-pcs\/\">Lire la suite&#8230;<\/a><\/p>\n","protected":false},"featured_media":8120,"comment_status":"closed","ping_status":"open","template":"","meta":[],"product_cat":[950],"product_tag":[],"_links":{"self":[{"href":"https:\/\/promz.be\/fr\/wp-json\/wp\/v2\/product\/9956"}],"collection":[{"href":"https:\/\/promz.be\/fr\/wp-json\/wp\/v2\/product"}],"about":[{"href":"https:\/\/promz.be\/fr\/wp-json\/wp\/v2\/types\/product"}],"replies":[{"embeddable":true,"href":"https:\/\/promz.be\/fr\/wp-json\/wp\/v2\/comments?post=9956"}],"wp:featuredmedia":[{"embeddable":true,"href":"https:\/\/promz.be\/fr\/wp-json\/wp\/v2\/media\/8120"}],"wp:attachment":[{"href":"https:\/\/promz.be\/fr\/wp-json\/wp\/v2\/media?parent=9956"}],"wp:term":[{"taxonomy":"product_cat","embeddable":true,"href":"https:\/\/promz.be\/fr\/wp-json\/wp\/v2\/product_cat?post=9956"},{"taxonomy":"product_tag","embeddable":true,"href":"https:\/\/promz.be\/fr\/wp-json\/wp\/v2\/product_tag?post=9956"}],"curies":[{"name":"wp","href":"https:\/\/api.w.org\/{rel}","templated":true}]}}