{"id":9964,"date":"2017-08-10T00:00:00","date_gmt":"2017-08-10T00:00:00","guid":{"rendered":"https:\/\/promz.be\/product\/sac-design-de-lexon-avec-compartiment-pc\/"},"modified":"2017-08-10T00:00:00","modified_gmt":"2017-08-10T00:00:00","slug":"sac-design-de-lexon-avec-compartiment-pc","status":"publish","type":"product","link":"https:\/\/promz.be\/fr\/product\/sac-design-de-lexon-avec-compartiment-pc\/","title":{"rendered":"Sac design de Lexon avec compartiment PC"},"content":{"rendered":"<p>Prix \u200b\u200bpar 50 pi\u00e8ces<br \/>\n 15\u00b4\u00b4 avec differentes poches int\u00e9rieures, livr\u00e9 avec deux anses et une bandouilli\u00e8re<\/p>\n","protected":false},"excerpt":{"rendered":"<p>Prix \u200b\u200bpar 50 pi\u00e8ces<br \/>\n 15\u00b4\u00b4 avec differentes poches int\u00e9rieures, livr\u00e9 avec deux anses et une bandouilli\u00e8re [&#8230;]<\/p>\n<p><a class=\"btn btn-secondary understrap-read-more-link\" href=\"https:\/\/promz.be\/fr\/product\/sac-design-de-lexon-avec-compartiment-pc\/\">Lire la suite&#8230;<\/a><\/p>\n","protected":false},"featured_media":7696,"comment_status":"closed","ping_status":"open","template":"","meta":[],"product_cat":[1014,954],"product_tag":[3607,3608],"_links":{"self":[{"href":"https:\/\/promz.be\/fr\/wp-json\/wp\/v2\/product\/9964"}],"collection":[{"href":"https:\/\/promz.be\/fr\/wp-json\/wp\/v2\/product"}],"about":[{"href":"https:\/\/promz.be\/fr\/wp-json\/wp\/v2\/types\/product"}],"replies":[{"embeddable":true,"href":"https:\/\/promz.be\/fr\/wp-json\/wp\/v2\/comments?post=9964"}],"wp:featuredmedia":[{"embeddable":true,"href":"https:\/\/promz.be\/fr\/wp-json\/wp\/v2\/media\/7696"}],"wp:attachment":[{"href":"https:\/\/promz.be\/fr\/wp-json\/wp\/v2\/media?parent=9964"}],"wp:term":[{"taxonomy":"product_cat","embeddable":true,"href":"https:\/\/promz.be\/fr\/wp-json\/wp\/v2\/product_cat?post=9964"},{"taxonomy":"product_tag","embeddable":true,"href":"https:\/\/promz.be\/fr\/wp-json\/wp\/v2\/product_tag?post=9964"}],"curies":[{"name":"wp","href":"https:\/\/api.w.org\/{rel}","templated":true}]}}