{"id":9966,"date":"2017-08-10T00:00:00","date_gmt":"2017-08-10T00:00:00","guid":{"rendered":"https:\/\/promz.be\/product\/lexon-flip-de-voyage\/"},"modified":"2017-08-10T00:00:00","modified_gmt":"2017-08-10T00:00:00","slug":"lexon-flip-de-voyage","status":"publish","type":"product","link":"https:\/\/promz.be\/fr\/product\/lexon-flip-de-voyage\/","title":{"rendered":"Lexon Flip de voyage"},"content":{"rendered":"<p>Prix \u200b\u200bpar 50 pi\u00e8ces<br \/>\n est probablement le r\u00e9veil le plus facile \u00e0 utiliser au monde: retournez-le le soir sur la position ON pour activer l\u00b4alarme, le matin quand il a sonn\u00e9 mettez le sur OFF pour \u00e9teindre l\u00b4alarme. Il fonctionne sur 2 piles AAA livr\u00e9es. Dans sa version Voyage il est \u00e9quip\u00e9 d\u00b4un bouton ON\/OFF pour le bloquer pendant les voyages.<\/p>\n","protected":false},"excerpt":{"rendered":"<p>Prix \u200b\u200bpar 50 pi\u00e8ces<br \/>\n est probablement le r\u00e9veil le plus facile \u00e0 utiliser au monde: retournez-le le soir sur la position ON pour activer l\u00b4alarme, le matin quand il a sonn\u00e9 mettez le sur OFF pour \u00e9teindre l\u00b4alarme. Il fonctionne sur 2 piles AAA livr\u00e9es. Dans sa version Voyage il est \u00e9quip\u00e9 d\u00b4un bouton ON\/OFF pour le bloquer pendant les voyages. [&#8230;]<\/p>\n<p><a class=\"btn btn-secondary understrap-read-more-link\" href=\"https:\/\/promz.be\/fr\/product\/lexon-flip-de-voyage\/\">Lire la suite&#8230;<\/a><\/p>\n","protected":false},"featured_media":6142,"comment_status":"closed","ping_status":"open","template":"","meta":[],"product_cat":[1014,954],"product_tag":[1239,3609],"_links":{"self":[{"href":"https:\/\/promz.be\/fr\/wp-json\/wp\/v2\/product\/9966"}],"collection":[{"href":"https:\/\/promz.be\/fr\/wp-json\/wp\/v2\/product"}],"about":[{"href":"https:\/\/promz.be\/fr\/wp-json\/wp\/v2\/types\/product"}],"replies":[{"embeddable":true,"href":"https:\/\/promz.be\/fr\/wp-json\/wp\/v2\/comments?post=9966"}],"wp:featuredmedia":[{"embeddable":true,"href":"https:\/\/promz.be\/fr\/wp-json\/wp\/v2\/media\/6142"}],"wp:attachment":[{"href":"https:\/\/promz.be\/fr\/wp-json\/wp\/v2\/media?parent=9966"}],"wp:term":[{"taxonomy":"product_cat","embeddable":true,"href":"https:\/\/promz.be\/fr\/wp-json\/wp\/v2\/product_cat?post=9966"},{"taxonomy":"product_tag","embeddable":true,"href":"https:\/\/promz.be\/fr\/wp-json\/wp\/v2\/product_tag?post=9966"}],"curies":[{"name":"wp","href":"https:\/\/api.w.org\/{rel}","templated":true}]}}