{"id":25075,"date":"2019-09-13T10:44:18","date_gmt":"2019-09-13T08:44:18","guid":{"rendered":"https:\/\/promz.be\/?page_id=25075"},"modified":"2023-10-04T10:41:51","modified_gmt":"2023-10-04T08:41:51","slug":"bestelling-pf-premium","status":"publish","type":"page","link":"https:\/\/promz.be\/nl\/productzfinder-pakketkeuze\/bestelling-pf-premium\/","title":{"rendered":"Bestelling PF Premium"},"content":{"rendered":"<h1><strong>bestelformulier premium pakket<\/strong> productzfinder<\/h1>\n<p>U bestelt via onderstaand formulier het PREMIUM pakket &nbsp;voor \u00e9\u00e9n jaar lang ProductZFinder.<\/p>\n<p><span style=\"width: 100%;\"><img loading=\"lazy\" alt=\"The PromZ ProductZfinder\" width=\"1027\" height=\"810\" title=\"The PromZ ProductZfinder\" data-id=\"61326\" src=\"https:\/\/promz.be\/wp-content\/uploads\/2019\/09\/The-PromZ-ProductZfinder-3.png\" style=\"\"><\/span><\/p>\n<p role=\"status\" aria-live=\"polite\" aria-atomic=\"true\">\n<ul><\/ul>\n<h2>UW ABONNEMENT<\/h2>\n<p> <span data-name=\"premiumja\"><span><span><\/span><\/span><\/span> Het ProductZfinder Premium jaarabonnement \u00e1 \u20ac 411 ex. BTW.  Bedrijfsnaam*  <span data-name=\"bedrijfsnaam\"><\/span>  Adres*  <span data-name=\"adres\"><\/span>  Postcode*  <span data-name=\"postcode\"><\/span>  Woonplaats*  <span data-name=\"woonplaats\"><\/span>  Contactpersoon*  <span data-name=\"contactpersoon\"><\/span>  E-mailadres * <span data-name=\"email\"><\/span>  Telefoonnummer* <span data-name=\"telefoonnummer\"><\/span>  BTW-nummer (alleen als Land = Nederland) <span data-name=\"BTW-nummer\"><\/span>   <\/p>\n<p>Na ontvangst van dit bestelformulier sturen wij u nog een opdrachtbevestiging met de specificaties van het aan te leveren materiaal.<\/p>\n<p><span style=\"width: 100%;\"><img loading=\"lazy\" alt=\"\" width=\"308\" height=\"308\" title=\"ig new pm\" data-id=\"39016\" src=\"https:\/\/promz.be\/wp-content\/uploads\/2022\/10\/ig-new-pm.png\" style=\"\" data-width=\"308\" data-height=\"308\" data-init-width=\"1080\" data-init-height=\"1080\"><\/span><\/p>\n<h2><strong>promz voordeel<\/strong><\/h2>\n<p>Elk ProductZfinder-abonnement is inclusief onderstaande services:<\/p>\n<ul>\n<li style=\"\"><span><span>\u200b<span><span><span><span>Gratis abonnementen op PromZ Vak, PromZ Magazine, EPPI, WA Nachrichten + Nieuwsbrieven<\/span><\/span>.<\/span><\/span><\/span><\/span><\/li>\n<li style=\"\"><span><span><span><span><span>Gratis toegang PromZ Product Premi\u00e8re BE\/NL &amp; De Leveranciersdagen<\/span><\/span>.<\/span><\/span><\/span><\/li>\n<li><span><span><span><span><span><span>5% korting op het brede assortiment van <a alt=\"www.portaalcheck.com\" href=\"https:\/\/portaalcheck.com\/\" target=\"_blank\" title=\"www.portaalcheck.com\" rel=\"noopener\"><strong>Portaal Check<\/strong><\/a>, handig voor beursbenodigdheden, kantoorartikelen en nog veel meer.<\/span><\/span><\/span><\/span><\/span><\/span><\/li>\n<li><span><span><span><span><span>\u200b<span><span><span><span>Tips en adviezen om online beter te scoren<\/span><\/span><\/span><\/span>.<a alt=\"www.portaalcheck.com\" href=\"https:\/\/portaalcheck.com\/\" target=\"_blank\" title=\"www.portaalcheck.com\" style=\"outline: none;\" rel=\"noopener\"><\/a><\/span><\/span><\/span><\/span><span><span><span><span><\/span><\/span><\/span><\/span><\/span><\/li>\n<\/ul>\n<h3>PROMZ.BE IS EEN MERK VAN<\/h3>\n<p>Het Portaal MediaVeerdijk 40-H1531 MS Wormer NL+31 (0)75 6475747promz@hetportaal.com<a href=\"http:\/\/www.hetportaal.com\/\" rel=\"noopener\" target=\"_blank\">www.hetportaal.com<\/a><\/p>\n","protected":false},"excerpt":{"rendered":"<p>bestelformulier premium pakket productzfinder U bestelt via onderstaand formulier het PREMIUM pakket &nbsp;voor \u00e9\u00e9n jaar lang ProductZFinder. UW ABONNEMENT Het ProductZfinder Premium jaarabonnement \u00e1 \u20ac 411 ex. BTW. Bedrijfsnaam* Adres* Postcode* Woonplaats* Contactpersoon* E-mailadres * Telefoonnummer* BTW-nummer (alleen als Land = Nederland) Na ontvangst van dit bestelformulier sturen wij u nog een opdrachtbevestiging met de specificaties van het aan te leveren materiaal. promz voordeel Elk ProductZfinder-abonnement is inclusief onderstaande services: \u200bGratis abonnementen op PromZ Vak, [&#8230;]<\/p>\n<p><a class=\"btn btn-secondary understrap-read-more-link\" href=\"https:\/\/promz.be\/nl\/productzfinder-pakketkeuze\/bestelling-pf-premium\/\">Lees verder&#8230;<\/a><\/p>\n","protected":false},"author":4,"featured_media":0,"parent":25007,"menu_order":0,"comment_status":"closed","ping_status":"closed","template":"","meta":[],"_links":{"self":[{"href":"https:\/\/promz.be\/nl\/wp-json\/wp\/v2\/pages\/25075"}],"collection":[{"href":"https:\/\/promz.be\/nl\/wp-json\/wp\/v2\/pages"}],"about":[{"href":"https:\/\/promz.be\/nl\/wp-json\/wp\/v2\/types\/page"}],"author":[{"embeddable":true,"href":"https:\/\/promz.be\/nl\/wp-json\/wp\/v2\/users\/4"}],"replies":[{"embeddable":true,"href":"https:\/\/promz.be\/nl\/wp-json\/wp\/v2\/comments?post=25075"}],"version-history":[{"count":18,"href":"https:\/\/promz.be\/nl\/wp-json\/wp\/v2\/pages\/25075\/revisions"}],"predecessor-version":[{"id":41387,"href":"https:\/\/promz.be\/nl\/wp-json\/wp\/v2\/pages\/25075\/revisions\/41387"}],"up":[{"embeddable":true,"href":"https:\/\/promz.be\/nl\/wp-json\/wp\/v2\/pages\/25007"}],"wp:attachment":[{"href":"https:\/\/promz.be\/nl\/wp-json\/wp\/v2\/media?parent=25075"}],"curies":[{"name":"wp","href":"https:\/\/api.w.org\/{rel}","templated":true}]}}