{"id":13739,"date":"2018-01-25T00:00:00","date_gmt":"2018-01-24T23:00:00","guid":{"rendered":"https:\/\/promz.be\/product\/flow-vacuum-geisoleerde-thermosfles-met-logo-bedrukking\/"},"modified":"2018-01-25T00:00:00","modified_gmt":"2018-01-24T23:00:00","slug":"flow-vacuum-geisoleerde-thermosfles-met-logo-bedrukking","status":"publish","type":"product","link":"https:\/\/promz.be\/nl\/product\/flow-vacuum-geisoleerde-thermosfles-met-logo-bedrukking\/","title":{"rendered":"Flow vacu\u00fcm ge\u00efsoleerde thermosfles met logo bedrukking"},"content":{"rendered":"<h2>Flow vacu\u00fcm ge\u00efsoleerde thermofles met reclame opdruk<\/h2>\n<p>Dubbelwandige roestvrij stalen fles met vacu\u00fcm isolatie die de inhoud heel lang op temperatuur houdt. Eenhandig te bedienen druktuit en beker in de dop. Aan boven- en onderkant voorzien van anti-slip kussentjes. Inhoud 500ml. Geleverd in geschenkverpakking. Exclusief ontwerp. Roestvrij staal interieur en exterieur.<\/p>\n<h2>Mooi en bruikbaar relatiegeschenk<\/h2>\n<p>Maak de promotionele Flow vacu\u00fcm ge\u00efsoleerde thermosfles, persoonlijk door deze te laten bedrukken, graveren of voorzien van een ander eigen tintje. Zo blijft u onder de aandacht van uw relaties, klanten en\/of medewerkers. Een \u201cFlow vacu\u00fcm ge\u00efsoleerde thermosfles, zilver\u201d is een leuk relatiegeschenk om te geven en te ontvangen.<\/p>\n<h2>De vacu\u00fcm thermofles blijft 5 uur warm en 15 uur koud! <\/h2>\n<p>De Flow vacu\u00fcm thermofles is een mooi en bruikbaar relatiegeschenk waar klanten\/personeel echt wat aan hebben. De thermofles blijf wel tot 5 uur warm en maar liefst 15 uur koud! Dit is natuurlijk zeer handig voor op kantoor of eventuele andere bezigheden! <\/p>\n<h2>Flow vacu\u00fcm ge\u00efsoleerde thermofles bedruk mogelijkheden<\/h2>\n<p>Voor het bedrukken van de promotionele Flow vacu\u00fcm ge\u00efsoleerde thermofles zijn er diverse mogelijkheden zoals zeefdruk en tampondruk. In overleg plaatsen wij uw logo op de gewenste positie. Graag maken wij vrijblijvend een visual zodat u de mogelijkheden kunt zien.<\/p>\n<h2>Offerte aanvragen<\/h2>\n<p>Vraag vrijblijvend een offerte aan en wij zullen u deze binnen 15 minuten doen toekomen. Bellen 026-3333522 of een email naar <a href=\"mailto:advies@promotie.nl\" target=\"_blank\" rel=\"noopener\">advies@promotie.nl<\/a> kan natuurlijk ook. Onze showroom in Arnhem bezoeken is ook mogelijk, bel even voor een afspraak en wij kunnen u de diverse mogelijkheden laten zien. U bent van harte welkom.<\/p>\n","protected":false},"excerpt":{"rendered":"<h2>Flow vacu\u00fcm ge\u00efsoleerde thermofles met reclame opdruk<\/h2>\n<p>Dubbelwandige roestvrij stalen fles met vacu\u00fcm isolatie die de inhoud heel lang op temperatuur houdt. Eenhandig te bedienen druktuit en beker in de dop. Aan boven- en onderkant voorzien van anti-slip kussentjes. Inhoud 500ml. Geleverd in geschenkverpakking. Exclusief ontwerp. Roestvrij staal interieur en exterieur.<\/p>\n<h2>Mooi en bruikbaar relatiegeschenk<\/h2>\n<p>Maak de promotionele Flow vacu\u00fcm ge\u00efsoleerde thermosfles, persoonlijk door deze te laten bedrukken, graveren of voorzien van een ander eigen tintje. Zo blijft u onder de aandacht van uw relaties, klanten en\/of medewerkers. Een \u201cFlow vacu\u00fcm ge\u00efsoleerde thermosfles, zilver\u201d is een leuk relatiegeschenk om te geven en te ontvangen.<\/p>\n<h2>De vacu\u00fcm thermofles blijft 5 uur warm en 15 uur koud! <\/h2>\n<p>De Flow vacu\u00fcm thermofles is een mooi en bruikbaar relatiegeschenk waar klanten\/personeel echt wat aan hebben. De thermofles blijf wel tot 5 uur warm en maar liefst 15 uur koud! Dit is natuurlijk zeer handig voor op kantoor of eventuele andere bezigheden! <\/p>\n<h2>Flow vacu\u00fcm ge\u00efsoleerde thermofles bedruk mogelijkheden<\/h2>\n<p>Voor het bedrukken van de promotionele Flow vacu\u00fcm ge\u00efsoleerde thermofles zijn er diverse mogelijkheden zoals zeefdruk en tampondruk. In overleg plaatsen wij uw logo op de gewenste positie. Graag maken wij vrijblijvend een visual zodat u de mogelijkheden kunt zien.<\/p>\n<h2>Offerte aanvragen<\/h2>\n<p>Vraag vrijblijvend een offerte aan en wij zullen u deze binnen 15 minuten doen toekomen. Bellen 026-3333522 of een email naar <a href=\"mailto:advies@promotie.nl\" target=\"_blank\" rel=\"noopener\">advies@promotie.nl<\/a> kan natuurlijk ook. Onze showroom in Arnhem bezoeken is ook mogelijk, bel even voor een afspraak en wij kunnen u de diverse mogelijkheden laten zien. U bent van harte welkom. [&#8230;]<\/p>\n<p><a class=\"btn btn-secondary understrap-read-more-link\" href=\"https:\/\/promz.be\/nl\/product\/flow-vacuum-geisoleerde-thermosfles-met-logo-bedrukking\/\">Lees verder&#8230;<\/a><\/p>\n","protected":false},"featured_media":13712,"comment_status":"closed","ping_status":"open","template":"","meta":[],"product_cat":[872,850,931],"product_tag":[4591,4597,4599,4596,4598,4595],"_links":{"self":[{"href":"https:\/\/promz.be\/nl\/wp-json\/wp\/v2\/product\/13739"}],"collection":[{"href":"https:\/\/promz.be\/nl\/wp-json\/wp\/v2\/product"}],"about":[{"href":"https:\/\/promz.be\/nl\/wp-json\/wp\/v2\/types\/product"}],"replies":[{"embeddable":true,"href":"https:\/\/promz.be\/nl\/wp-json\/wp\/v2\/comments?post=13739"}],"wp:featuredmedia":[{"embeddable":true,"href":"https:\/\/promz.be\/nl\/wp-json\/wp\/v2\/media\/13712"}],"wp:attachment":[{"href":"https:\/\/promz.be\/nl\/wp-json\/wp\/v2\/media?parent=13739"}],"wp:term":[{"taxonomy":"product_cat","embeddable":true,"href":"https:\/\/promz.be\/nl\/wp-json\/wp\/v2\/product_cat?post=13739"},{"taxonomy":"product_tag","embeddable":true,"href":"https:\/\/promz.be\/nl\/wp-json\/wp\/v2\/product_tag?post=13739"}],"curies":[{"name":"wp","href":"https:\/\/api.w.org\/{rel}","templated":true}]}}