{"id":14640,"date":"2018-03-14T00:00:00","date_gmt":"2018-03-13T23:00:00","guid":{"rendered":"https:\/\/promz.be\/product\/bedrukte-frostbalm-lippenbalsem-met-logo\/"},"modified":"2018-03-14T00:00:00","modified_gmt":"2018-03-13T23:00:00","slug":"bedrukte-frostbalm-lippenbalsem-met-logo","status":"publish","type":"product","link":"https:\/\/promz.be\/nl\/product\/bedrukte-frostbalm-lippenbalsem-met-logo\/","title":{"rendered":"Bedrukte Frostbalm lippenbalsem met logo"},"content":{"rendered":"<p>Lippenbalsem in moderne mattransparantgekleurde \u00f3f zwarte \u00f3f witte houder. Geen Sun Protection Factor. Ingredi\u00ebnten: Petrolatum, Paraffinum Liquidum, Ozokerite, Polyisobutene, Butyrospermum Parkii Butter, Hydrogenated Microcrystalline Cera, Cera Alba, Hydrogenated Palm Acid, Stearyl Stearate, Tocopheryl Acetate, Parfum, Citric Acid, Methylparaben, Propylparaben, Benzyl Alcohol, Limonene. Deze lippenbalsem is voordelig en kan voorzien worden van reclame. Denk aan een\u00a0 bedrijfslogo of een websiteadres of telefoonnummer.<\/p>\n<h2>Goedkope Frostbalm Lippenbalsem met bedrukking van een logo<\/h2>\n<p>Goedkope lippenbalsem bestellen met een bedrukking van een logo kan bij Lavista, zie voor meer bedrukte lippenbalsems <a href=\"http:\/\/www.lavistarelatiegeschenken.be\/persoonlijk-en-verzorging\/lippenbalsum-bedrukken\" target=\"_blank\" rel=\"noopener\">www.lavistarelatiegeschenken.be<\/a>.<\/p>\n","protected":false},"excerpt":{"rendered":"<p>Lippenbalsem in moderne mattransparantgekleurde \u00f3f zwarte \u00f3f witte houder. Geen Sun Protection Factor. Ingredi\u00ebnten: Petrolatum, Paraffinum Liquidum, Ozokerite, Polyisobutene, Butyrospermum Parkii Butter, Hydrogenated Microcrystalline Cera, Cera Alba, Hydrogenated Palm Acid, Stearyl Stearate, Tocopheryl Acetate, Parfum, Citric Acid, Methylparaben, Propylparaben, Benzyl Alcohol, Limonene. Deze lippenbalsem is voordelig en kan voorzien worden van reclame. Denk aan een\u00a0 bedrijfslogo of een websiteadres of telefoonnummer.<\/p>\n<h2>Goedkope Frostbalm Lippenbalsem met bedrukking van een logo<\/h2>\n<p>Goedkope lippenbalsem bestellen met een bedrukking van een logo kan bij Lavista, zie voor meer bedrukte lippenbalsems <a href=\"http:\/\/www.lavistarelatiegeschenken.be\/persoonlijk-en-verzorging\/lippenbalsum-bedrukken\" target=\"_blank\" rel=\"noopener\">www.lavistarelatiegeschenken.be<\/a>. [&#8230;]<\/p>\n<p><a class=\"btn btn-secondary understrap-read-more-link\" href=\"https:\/\/promz.be\/nl\/product\/bedrukte-frostbalm-lippenbalsem-met-logo\/\">Lees verder&#8230;<\/a><\/p>\n","protected":false},"featured_media":14571,"comment_status":"closed","ping_status":"open","template":"","meta":[],"product_cat":[852,939],"product_tag":[5234,5236,5237,5233,5235],"_links":{"self":[{"href":"https:\/\/promz.be\/nl\/wp-json\/wp\/v2\/product\/14640"}],"collection":[{"href":"https:\/\/promz.be\/nl\/wp-json\/wp\/v2\/product"}],"about":[{"href":"https:\/\/promz.be\/nl\/wp-json\/wp\/v2\/types\/product"}],"replies":[{"embeddable":true,"href":"https:\/\/promz.be\/nl\/wp-json\/wp\/v2\/comments?post=14640"}],"wp:featuredmedia":[{"embeddable":true,"href":"https:\/\/promz.be\/nl\/wp-json\/wp\/v2\/media\/14571"}],"wp:attachment":[{"href":"https:\/\/promz.be\/nl\/wp-json\/wp\/v2\/media?parent=14640"}],"wp:term":[{"taxonomy":"product_cat","embeddable":true,"href":"https:\/\/promz.be\/nl\/wp-json\/wp\/v2\/product_cat?post=14640"},{"taxonomy":"product_tag","embeddable":true,"href":"https:\/\/promz.be\/nl\/wp-json\/wp\/v2\/product_tag?post=14640"}],"curies":[{"name":"wp","href":"https:\/\/api.w.org\/{rel}","templated":true}]}}