{"id":14641,"date":"2018-04-05T00:00:00","date_gmt":"2018-04-04T22:00:00","guid":{"rendered":"https:\/\/promz.be\/product\/bedrukte-goedkope-cyclone-geisoleerde-drinkbeker-met-rietje-met-logo\/"},"modified":"2018-04-05T00:00:00","modified_gmt":"2018-04-04T22:00:00","slug":"bedrukte-goedkope-cyclone-geisoleerde-drinkbeker-met-rietje-met-logo","status":"publish","type":"product","link":"https:\/\/promz.be\/nl\/product\/bedrukte-goedkope-cyclone-geisoleerde-drinkbeker-met-rietje-met-logo\/","title":{"rendered":"Bedrukte goedkope Cyclone ge\u00efsoleerde drinkbeker met rietje met logo"},"content":{"rendered":"<p>Cyclone ge\u00efsoleerde drinkbeker met rietje. Stijlvolle dubbelwandige ge\u00efsoleerde beker met rietje. Inhoud 450 ml. BPA-vrij acryl. deze drinkbeker is voordelig en kan voorzien worden van reclame. Denk aan een\u00a0 bedrijfslogo of een websiteadres of telefoonnummer.<\/p>\n<h2>Goedkope Cyclone ge\u00efsoleerde drinkbeker met rietje met logo, bedrukt te bestellen bij Lavista<\/h2>\n<p>Goedkope drinkbekers bestellen met een bedrukking van een logo kan bij Lavista, zie voor meer bedrukte drinkbekers <a href=\"http:\/\/www.lavistarelatiegeschenken.be\/drinkwaren\/mokken-van-kunststof-bedrukken\" target=\"_blank\" rel=\"noopener\">www.lavistarelatiegeschenken.be<\/a>.<\/p>\n","protected":false},"excerpt":{"rendered":"<p>Cyclone ge\u00efsoleerde drinkbeker met rietje. Stijlvolle dubbelwandige ge\u00efsoleerde beker met rietje. Inhoud 450 ml. BPA-vrij acryl. deze drinkbeker is voordelig en kan voorzien worden van reclame. Denk aan een\u00a0 bedrijfslogo of een websiteadres of telefoonnummer.<\/p>\n<h2>Goedkope Cyclone ge\u00efsoleerde drinkbeker met rietje met logo, bedrukt te bestellen bij Lavista<\/h2>\n<p>Goedkope drinkbekers bestellen met een bedrukking van een logo kan bij Lavista, zie voor meer bedrukte drinkbekers <a href=\"http:\/\/www.lavistarelatiegeschenken.be\/drinkwaren\/mokken-van-kunststof-bedrukken\" target=\"_blank\" rel=\"noopener\">www.lavistarelatiegeschenken.be<\/a>. [&#8230;]<\/p>\n<p><a class=\"btn btn-secondary understrap-read-more-link\" href=\"https:\/\/promz.be\/nl\/product\/bedrukte-goedkope-cyclone-geisoleerde-drinkbeker-met-rietje-met-logo\/\">Lees verder&#8230;<\/a><\/p>\n","protected":false},"featured_media":14573,"comment_status":"closed","ping_status":"open","template":"","meta":[],"product_cat":[850,931],"product_tag":[5239,5241,5238,5240,5242],"_links":{"self":[{"href":"https:\/\/promz.be\/nl\/wp-json\/wp\/v2\/product\/14641"}],"collection":[{"href":"https:\/\/promz.be\/nl\/wp-json\/wp\/v2\/product"}],"about":[{"href":"https:\/\/promz.be\/nl\/wp-json\/wp\/v2\/types\/product"}],"replies":[{"embeddable":true,"href":"https:\/\/promz.be\/nl\/wp-json\/wp\/v2\/comments?post=14641"}],"wp:featuredmedia":[{"embeddable":true,"href":"https:\/\/promz.be\/nl\/wp-json\/wp\/v2\/media\/14573"}],"wp:attachment":[{"href":"https:\/\/promz.be\/nl\/wp-json\/wp\/v2\/media?parent=14641"}],"wp:term":[{"taxonomy":"product_cat","embeddable":true,"href":"https:\/\/promz.be\/nl\/wp-json\/wp\/v2\/product_cat?post=14641"},{"taxonomy":"product_tag","embeddable":true,"href":"https:\/\/promz.be\/nl\/wp-json\/wp\/v2\/product_tag?post=14641"}],"curies":[{"name":"wp","href":"https:\/\/api.w.org\/{rel}","templated":true}]}}