{"id":14843,"date":"2018-07-27T00:00:00","date_gmt":"2018-07-26T22:00:00","guid":{"rendered":"https:\/\/promz.be\/product\/goedkope-alps-geisoleerde-drinkbeker-met-karabijnhaak-bedrukt-met-logo\/"},"modified":"2018-07-27T00:00:00","modified_gmt":"2018-07-26T22:00:00","slug":"goedkope-alps-geisoleerde-drinkbeker-met-karabijnhaak-bedrukt-met-logo","status":"publish","type":"product","link":"https:\/\/promz.be\/nl\/product\/goedkope-alps-geisoleerde-drinkbeker-met-karabijnhaak-bedrukt-met-logo\/","title":{"rendered":"Goedkope Alps ge\u00efsoleerde drinkbeker met karabijnhaak bedrukt met logo"},"content":{"rendered":"<p>Alps ge\u00efsoleerde drinkbeker met karabijnhaak. Ge\u00efsoleerde beker van roestvrij staal met groot handvat in de vorm van een karabijnhaak. Ideaal voor kampeerders en outdoor liefhebbers. Inhoud 200 ml. RVS binnen- en buitenzijde. deze drinkbeker is voordelig en kan voorzien worden van reclame. Denk aan een bedrijfslogo of een websiteadres of telefoonnummer.<\/p>\n<h2>Bedrukte Alps ge\u00efsoleerde drinkbeker met karabijnhaak goedkoop met logo<\/h2>\n<p>Goedkope drinkbekers bestellen met een bedrukking van een logo kan bij Lavista, zie voor meer bedrukte drinkbekers <a href=\"http:\/\/www.lavistarelatiegeschenken.be\/drinkwaren\/reisbeker-bedrukken\" target=\"_blank\" rel=\"noopener\">www.lavistarelatiegeschenken.be<\/a>.<\/p>\n","protected":false},"excerpt":{"rendered":"<p>Alps ge\u00efsoleerde drinkbeker met karabijnhaak. Ge\u00efsoleerde beker van roestvrij staal met groot handvat in de vorm van een karabijnhaak. Ideaal voor kampeerders en outdoor liefhebbers. Inhoud 200 ml. RVS binnen- en buitenzijde. deze drinkbeker is voordelig en kan voorzien worden van reclame. Denk aan een bedrijfslogo of een websiteadres of telefoonnummer.<\/p>\n<h2>Bedrukte Alps ge\u00efsoleerde drinkbeker met karabijnhaak goedkoop met logo<\/h2>\n<p>Goedkope drinkbekers bestellen met een bedrukking van een logo kan bij Lavista, zie voor meer bedrukte drinkbekers <a href=\"http:\/\/www.lavistarelatiegeschenken.be\/drinkwaren\/reisbeker-bedrukken\" target=\"_blank\" rel=\"noopener\">www.lavistarelatiegeschenken.be<\/a>. [&#8230;]<\/p>\n<p><a class=\"btn btn-secondary understrap-read-more-link\" href=\"https:\/\/promz.be\/nl\/product\/goedkope-alps-geisoleerde-drinkbeker-met-karabijnhaak-bedrukt-met-logo\/\">Lees verder&#8230;<\/a><\/p>\n","protected":false},"featured_media":14806,"comment_status":"closed","ping_status":"open","template":"","meta":[],"product_cat":[850,931],"product_tag":[5239,5241,5238,5240,5242],"_links":{"self":[{"href":"https:\/\/promz.be\/nl\/wp-json\/wp\/v2\/product\/14843"}],"collection":[{"href":"https:\/\/promz.be\/nl\/wp-json\/wp\/v2\/product"}],"about":[{"href":"https:\/\/promz.be\/nl\/wp-json\/wp\/v2\/types\/product"}],"replies":[{"embeddable":true,"href":"https:\/\/promz.be\/nl\/wp-json\/wp\/v2\/comments?post=14843"}],"wp:featuredmedia":[{"embeddable":true,"href":"https:\/\/promz.be\/nl\/wp-json\/wp\/v2\/media\/14806"}],"wp:attachment":[{"href":"https:\/\/promz.be\/nl\/wp-json\/wp\/v2\/media?parent=14843"}],"wp:term":[{"taxonomy":"product_cat","embeddable":true,"href":"https:\/\/promz.be\/nl\/wp-json\/wp\/v2\/product_cat?post=14843"},{"taxonomy":"product_tag","embeddable":true,"href":"https:\/\/promz.be\/nl\/wp-json\/wp\/v2\/product_tag?post=14843"}],"curies":[{"name":"wp","href":"https:\/\/api.w.org\/{rel}","templated":true}]}}