{"id":15329,"date":"2018-07-17T00:00:00","date_gmt":"2018-07-16T22:00:00","guid":{"rendered":"https:\/\/promz.be\/product\/dunschiller-met-zester\/"},"modified":"2021-05-25T11:51:24","modified_gmt":"2021-05-25T09:51:24","slug":"dunschiller-met-zester","status":"publish","type":"product","link":"https:\/\/promz.be\/nl\/product\/dunschiller-met-zester\/","title":{"rendered":"Dunschiller met zester"},"content":{"rendered":"<p>Dankzij de scherpe, roestvrijstalen messen is deze multifunctionele Y-dunschiller perfect geschikt om alle soorten groenten en fruit snel te schillen. Hij glijdt gemakkelijk door de dikste schillen en ligt goed in de hand dankzij het zacht ergonomisch handvat. De ge\u00efntegreerde aardappeloog verwijderaar is handig voor het verwijderen van slechte plekjes met \u00e9\u00e9n beweging.<\/p>\n<p>snijden|raspen|dunschiller<\/p>\n","protected":false},"excerpt":{"rendered":"<p>Dankzij de scherpe, roestvrijstalen messen is deze multifunctionele Y-dunschiller perfect geschikt om alle soorten groenten en fruit snel te schillen. Hij glijdt gemakkelijk door de dikste schillen en ligt goed in de hand dankzij het zacht ergonomisch handvat. De ge\u00efntegreerde aardappeloog verwijderaar is handig voor het verwijderen van slechte plekjes met \u00e9\u00e9n beweging. [&#8230;]<\/p>\n<p><a class=\"btn btn-secondary understrap-read-more-link\" href=\"https:\/\/promz.be\/nl\/product\/dunschiller-met-zester\/\">Lees verder&#8230;<\/a><\/p>\n","protected":false},"featured_media":15283,"comment_status":"closed","ping_status":"open","template":"","meta":[],"product_cat":[860,889,891,853],"product_tag":[],"_links":{"self":[{"href":"https:\/\/promz.be\/nl\/wp-json\/wp\/v2\/product\/15329"}],"collection":[{"href":"https:\/\/promz.be\/nl\/wp-json\/wp\/v2\/product"}],"about":[{"href":"https:\/\/promz.be\/nl\/wp-json\/wp\/v2\/types\/product"}],"replies":[{"embeddable":true,"href":"https:\/\/promz.be\/nl\/wp-json\/wp\/v2\/comments?post=15329"}],"wp:featuredmedia":[{"embeddable":true,"href":"https:\/\/promz.be\/nl\/wp-json\/wp\/v2\/media\/15283"}],"wp:attachment":[{"href":"https:\/\/promz.be\/nl\/wp-json\/wp\/v2\/media?parent=15329"}],"wp:term":[{"taxonomy":"product_cat","embeddable":true,"href":"https:\/\/promz.be\/nl\/wp-json\/wp\/v2\/product_cat?post=15329"},{"taxonomy":"product_tag","embeddable":true,"href":"https:\/\/promz.be\/nl\/wp-json\/wp\/v2\/product_tag?post=15329"}],"curies":[{"name":"wp","href":"https:\/\/api.w.org\/{rel}","templated":true}]}}