{"id":16942,"date":"2025-10-19T16:28:43","date_gmt":"2025-10-19T14:28:43","guid":{"rendered":"https:\/\/promz.be\/product\/tapas-ovenschalen\/"},"modified":"2026-05-04T14:08:56","modified_gmt":"2026-05-04T12:08:56","slug":"tapas-ovenschalen","status":"publish","type":"product","link":"https:\/\/promz.be\/nl\/product\/tapas-ovenschalen\/","title":{"rendered":"Tapas \/ ovenschalen"},"content":{"rendered":"<p>Ideaal voor alle soorten miniquiches, souffl\u00e9s, cr\u00e8me brul\u00e9e, en zoveel meer, deze ramequins zijn gewoon onmisbaar als je graag experimenteert in de keuken. Dankzij het hoogwaardige aardewerk dat zorgt voor een gelijkmatige warmteverspreiding en warmtebehoud, worden je gerechten altijd perfect gebakken en blijven ze langer warm. Bovendien zijn de ramequins microgolfoven- en vaatwasmachinebestendig zodat je ze eenvoudig opnieuw kan opwarmen en het schoonmaken een fluitje van een cent is!<\/p>\n<p>ovenschaal|bakvorm|serveerschaal<\/p>\n","protected":false},"excerpt":{"rendered":"<p>Ideaal voor alle soorten miniquiches, souffl\u00e9s, cr\u00e8me brul\u00e9e, en zoveel meer, deze ramequins zijn gewoon onmisbaar als je graag experimenteert in de keuken. Dankzij het hoogwaardige aardewerk dat zorgt voor een gelijkmatige warmteverspreiding en warmtebehoud, worden je gerechten altijd perfect gebakken en blijven ze langer warm. Bovendien zijn de ramequins microgolfoven- en vaatwasmachinebestendig zodat je ze eenvoudig opnieuw kan opwarmen en het schoonmaken een fluitje van een cent is! [&#8230;]<\/p>\n<p><a class=\"btn btn-secondary understrap-read-more-link\" href=\"https:\/\/promz.be\/nl\/product\/tapas-ovenschalen\/\">Lees verder&#8230;<\/a><\/p>\n","protected":false},"featured_media":16928,"comment_status":"closed","ping_status":"open","template":"","meta":[],"product_cat":[860,889,891,853],"product_tag":[],"_links":{"self":[{"href":"https:\/\/promz.be\/nl\/wp-json\/wp\/v2\/product\/16942"}],"collection":[{"href":"https:\/\/promz.be\/nl\/wp-json\/wp\/v2\/product"}],"about":[{"href":"https:\/\/promz.be\/nl\/wp-json\/wp\/v2\/types\/product"}],"replies":[{"embeddable":true,"href":"https:\/\/promz.be\/nl\/wp-json\/wp\/v2\/comments?post=16942"}],"wp:featuredmedia":[{"embeddable":true,"href":"https:\/\/promz.be\/nl\/wp-json\/wp\/v2\/media\/16928"}],"wp:attachment":[{"href":"https:\/\/promz.be\/nl\/wp-json\/wp\/v2\/media?parent=16942"}],"wp:term":[{"taxonomy":"product_cat","embeddable":true,"href":"https:\/\/promz.be\/nl\/wp-json\/wp\/v2\/product_cat?post=16942"},{"taxonomy":"product_tag","embeddable":true,"href":"https:\/\/promz.be\/nl\/wp-json\/wp\/v2\/product_tag?post=16942"}],"curies":[{"name":"wp","href":"https:\/\/api.w.org\/{rel}","templated":true}]}}