{"id":27971,"date":"2017-12-19T08:28:46","date_gmt":"2017-12-19T07:28:46","guid":{"rendered":"https:\/\/promz.be\/?post_type=product&#038;p=27971"},"modified":"2020-02-19T10:04:12","modified_gmt":"2020-02-19T09:04:12","slug":"kerstpakket-relax-plankje","status":"publish","type":"product","link":"https:\/\/promz.be\/nl\/product\/kerstpakket-relax-plankje\/","title":{"rendered":"Kerstpakket relax plankje"},"content":{"rendered":"<h2>Eenpersoons kerstpakket<\/h2>\n<p>Tijdens de drukke decembermaand ben je wel even toe aan een heerlijk ontspannen momentje voor jezelf! Met dit kerstpakket gaat dat wel lukken, kruip lekker op de bank met een heerlijke mok chocolademelk met wat mini marshmallows als extraatje! Lekker met de melkchocolade reep van Tony Chocolonely! Zet gezellig de waxinehoudertjes op het boomstamplankje en geniet van dit rustige momentje.<\/p>\n<h2>Gezellig kerstpakket bestaande uit:<\/h2>\n<p>\u2022 Boomstamplankje 35cm.<br \/>\n\u2022 2 waxine lichtjeshouders, \u00e9\u00e9n maat S en \u00e9\u00e9n maat M<br \/>\n\u2022 Mini marsmallows, 150 gr.<br \/>\n\u2022 Zakje van organza met waxinelichtjes<br \/>\n\u2022 Chocolademelk, 0,5 L.<br \/>\n\u2022 Tony Chocolonely melk chocoladereep 50 gr.<\/p>\n<p>De prijs van dit kerstpakket is \u20ac 18,30 excl. mooie kerstdoos, en excl. BTW.<\/p>\n<p>Wilt u producten toevoegen aan dit <a href=\"https:\/\/www.kerstpakketten123.nl\/product\/relax-plankje\/\" target=\"_blank\" rel=\"noopener noreferrer\">kerstpakket <\/a>of er juist uithalen? Dat is geen probleem! Neem contact met ons op voor de mogelijkheden.<\/p>\n<p>boomstam plank|eenpersoons kerstpakket|gezellig kerstpakket|kerstpakket ontspanning<\/p>\n","protected":false},"excerpt":{"rendered":"<h2>Eenpersoons kerstpakket<\/h2>\n<p>Tijdens de drukke decembermaand ben je wel even toe aan een heerlijk ontspannen momentje voor jezelf! Met dit kerstpakket gaat dat wel lukken, kruip lekker op de bank met een heerlijke mok chocolademelk met wat mini marshmallows als extraatje! Lekker met de melkchocolade reep van Tony Chocolonely! Zet gezellig de waxinehoudertjes op het boomstamplankje en geniet van dit rustige momentje.<\/p>\n<h2>Gezellig kerstpakket bestaande uit:<\/h2>\n<p>\u2022 Boomstamplankje 35cm.<br \/>\n\u2022 2 waxine lichtjeshouders, \u00e9\u00e9n maat S en \u00e9\u00e9n maat M<br \/>\n\u2022 Mini marsmallows, 150 gr.<br \/>\n\u2022 Zakje van organza met waxinelichtjes<br \/>\n\u2022 Chocolademelk, 0,5 L.<br \/>\n\u2022 Tony Chocolonely melk chocoladereep 50 gr.<\/p>\n<p>De prijs van dit kerstpakket is \u20ac 18,30 excl. mooie kerstdoos, en excl. BTW.<\/p>\n<p>Wilt u producten toevoegen aan dit <a href=\"https:\/\/www.kerstpakketten123.nl\/product\/relax-plankje\/\" target=\"_blank\" rel=\"noopener noreferrer\">kerstpakket <\/a>of er juist uithalen? Dat is geen probleem! Neem contact met ons op voor de mogelijkheden. [&#8230;]<\/p>\n<p><a class=\"btn btn-secondary understrap-read-more-link\" href=\"https:\/\/promz.be\/nl\/product\/kerstpakket-relax-plankje\/\">Lees verder&#8230;<\/a><\/p>\n","protected":false},"featured_media":27758,"comment_status":"closed","ping_status":"closed","template":"","meta":[],"product_cat":[860,894],"product_tag":[],"_links":{"self":[{"href":"https:\/\/promz.be\/nl\/wp-json\/wp\/v2\/product\/27971"}],"collection":[{"href":"https:\/\/promz.be\/nl\/wp-json\/wp\/v2\/product"}],"about":[{"href":"https:\/\/promz.be\/nl\/wp-json\/wp\/v2\/types\/product"}],"replies":[{"embeddable":true,"href":"https:\/\/promz.be\/nl\/wp-json\/wp\/v2\/comments?post=27971"}],"wp:featuredmedia":[{"embeddable":true,"href":"https:\/\/promz.be\/nl\/wp-json\/wp\/v2\/media\/27758"}],"wp:attachment":[{"href":"https:\/\/promz.be\/nl\/wp-json\/wp\/v2\/media?parent=27971"}],"wp:term":[{"taxonomy":"product_cat","embeddable":true,"href":"https:\/\/promz.be\/nl\/wp-json\/wp\/v2\/product_cat?post=27971"},{"taxonomy":"product_tag","embeddable":true,"href":"https:\/\/promz.be\/nl\/wp-json\/wp\/v2\/product_tag?post=27971"}],"curies":[{"name":"wp","href":"https:\/\/api.w.org\/{rel}","templated":true}]}}