{"id":46468,"date":"2023-09-03T11:41:29","date_gmt":"2023-09-03T09:41:29","guid":{"rendered":"https:\/\/promz.be\/product\/sportief-wilson-x3-padel-zomerpakket-2\/"},"modified":"2025-05-22T13:51:41","modified_gmt":"2025-05-22T11:51:41","slug":"sportief-wilson-x3-padel-zomerpakket-2","status":"publish","type":"product","link":"https:\/\/promz.be\/nl\/product\/sportief-wilson-x3-padel-zomerpakket-2\/","title":{"rendered":"Sportief Wilson X3 padel zomerpakket"},"content":{"rendered":"<p>Sportief Padel Zomerpakket \u2013 d\u00e9 zomerse hit voor actieve relaties!<\/p>\n<p>Padel is hot! Deze razend populaire sport verovert het land \u2013 vooral onder de jongere generatie. Wil jij inspelen op deze trend \u00e9n je relaties, collega\u2019s of klanten verrassen met een sportief en zomers geschenk? Dan is ons Sportief Padel Zomerpakket d\u00e9 perfecte keuze!<\/p>\n<p>Dit verrassende zomergeschenk combineert sport, verfrissing en lekkernij in \u00e9\u00e9n energiek pakket. In het pakket vind je een offici\u00eble Wilson x3 padelballenset (3 stuks), zodat er direct gespeeld kan worden. Daarnaast bevat het pakket een duurzame 600 ml transparante waterfles van gerecycled PET met witte draaidop \u2013 ideaal voor tijdens of na een potje padel.<\/p>\n<p>Om de zomer \u00e9cht te vieren, hebben we twee alcoholvrije Frozen cocktail ijsjes toegevoegd in de smaken Strawberry Daiquiri en Passion Fruit Martini \u2013 lekker verfrissend en feestelijk. Natuurlijk mogen ook de snacks niet ontbreken. Je ontvangt onder andere een zak Jimmy\u2019s popcorn (sweet &amp; salty), Duyvis pinda\u2019s, een zakje M&amp;M\u2019s Peanut, Doritos Bits, een pakje TUC koekjes, een blikje Coca-Cola Zero \u00e9n een busje Pringles.<\/p>\n<p>Dit padel zomergeschenk is perfect voor zomerse campagnes, sportieve acties of als uniek zomerpakket voor medewerkers.<\/p>\n<p>5 redenen om dit sportieve zomerpakket te bestellen:<br \/>\n-Speel in op de groeiende populariteit van padel<br \/>\n-Duurzaam \u00e9n sportief karakter<br \/>\n-Rijk gevuld met populaire A-merken<br \/>\n-Ideaal voor jongere doelgroepen en sportliefhebbers<br \/>\n-Personaliseerbaar met je eigen logo of boodschap<\/p>\n<p>Met ons Sportieve Padel Zomerpakket scoor je zowel buiten- als op de baan!<\/p>\n<p>Inhoud Sportief Padel zomerpakket:<br \/>\n-Wilson x3 padelballenset (3 stuks)<br \/>\n-R-PET Waterfles, 600 ml<br \/>\n-Frozen cocktail 0.0%, Strawberry Daiquiri<br \/>\n-Frozen cocktail 0.0%, Passion Fruit Martini<br \/>\n-Coca-Cola Zero, blik 33 cl<br \/>\n-Pringles Original, 40 gram<br \/>\n-M&amp;M\u2019s Peanut, 45 gram<br \/>\n-Doritos Bits Twisties Honey, 30 gram<br \/>\n-Duyvis pinda\u2019s, gezout, 60 gram<br \/>\n-Tuc naturel, 100 gram<br \/>\n-Jimmy\u2019s popcorn (sweet &amp; salty)<br \/>\n-Doos<br \/>\n-Opmaak<\/p>\n<p>Dit sportieve zomerpakket is al verkrijgbaar vanaf 12 stuks.<\/p>\n<p>Bedrukt met logo<br \/>\nHet is ook mogelijk om, tegen meerprijs, de padel ballen of de waterfles te bedrukken met je eigen tekst of logo. Neem voor meer informatie en prijzen contact met ons op.<\/p>\n<p>Let op! Artikelen kunnen uitverkocht raken.<br \/>\nDe prijzen zijn exclusief btw en inclusief transportkosten naar 1 adres in Nederland. (begane grond)<\/p>\n","protected":false},"excerpt":{"rendered":"<p>Sportief Padel Zomerpakket \u2013 d\u00e9 zomerse hit voor actieve relaties!<\/p>\n<p>Padel is hot! Deze razend populaire sport verovert het land \u2013 vooral onder de jongere generatie. Wil jij inspelen op deze trend \u00e9n je relaties, collega\u2019s of klanten verrassen met een sportief en zomers geschenk? Dan is ons Sportief Padel Zomerpakket d\u00e9 perfecte keuze!<\/p>\n<p>Dit verrassende zomergeschenk combineert sport, verfrissing en lekkernij in \u00e9\u00e9n energiek pakket. In het pakket vind je een offici\u00eble Wilson x3 padelballenset (3 stuks), zodat er direct gespeeld kan worden. Daarnaast bevat het pakket een duurzame 600 ml transparante waterfles van gerecycled PET met witte draaidop \u2013 ideaal voor tijdens of na een potje padel.<\/p>\n<p>Om de zomer \u00e9cht te vieren, hebben we twee alcoholvrije Frozen cocktail ijsjes toegevoegd in de smaken Strawberry Daiquiri en Passion Fruit Martini \u2013 lekker verfrissend en feestelijk. Natuurlijk mogen ook de snacks niet ontbreken. Je ontvangt onder andere een zak Jimmy\u2019s popcorn (sweet &amp; salty), Duyvis pinda\u2019s, een zakje M&amp;M\u2019s Peanut, Doritos Bits, een pakje TUC koekjes, een blikje Coca-Cola Zero \u00e9n een busje Pringles.<\/p>\n<p>Dit padel zomergeschenk is perfect voor zomerse campagnes, sportieve acties of als uniek zomerpakket voor medewerkers.<\/p>\n<p>5 redenen om dit sportieve zomerpakket te bestellen:<br \/>\n-Speel in op de groeiende populariteit van padel<br \/>\n-Duurzaam \u00e9n sportief karakter<br \/>\n-Rijk gevuld met populaire A-merken<br \/>\n-Ideaal voor jongere doelgroepen en sportliefhebbers<br \/>\n-Personaliseerbaar met je eigen logo of boodschap<\/p>\n<p>Met ons Sportieve Padel Zomerpakket scoor je zowel buiten- als op de baan!<\/p>\n<p>Inhoud Sportief Padel zomerpakket:<br \/>\n-Wilson x3 padelballenset (3 stuks)<br \/>\n-R-PET Waterfles, 600 ml<br \/>\n-Frozen cocktail 0.0%, Strawberry Daiquiri<br \/>\n-Frozen cocktail 0.0%, Passion Fruit Martini<br \/>\n-Coca-Cola Zero, blik 33 cl<br \/>\n-Pringles Original, 40 gram<br \/>\n-M&amp;M\u2019s Peanut, 45 gram<br \/>\n-Doritos Bits Twisties Honey, 30 gram<br \/>\n-Duyvis pinda\u2019s, gezout, 60 gram<br \/>\n-Tuc naturel, 100 gram<br \/>\n-Jimmy\u2019s popcorn (sweet &amp; salty)<br \/>\n-Doos<br \/>\n-Opmaak<\/p>\n<p>Dit sportieve zomerpakket is al verkrijgbaar vanaf 12 stuks.<\/p>\n<p>Bedrukt met logo<br \/>\nHet is ook mogelijk om, tegen meerprijs, de padel ballen of de waterfles te bedrukken met je eigen tekst of logo. Neem voor meer informatie en prijzen contact met ons op.<\/p>\n<p>Let op! Artikelen kunnen uitverkocht raken.<br \/>\nDe prijzen zijn exclusief btw en inclusief transportkosten naar 1 adres in Nederland. (begane grond) [&#8230;]<\/p>\n<p><a class=\"btn btn-secondary understrap-read-more-link\" href=\"https:\/\/promz.be\/nl\/product\/sportief-wilson-x3-padel-zomerpakket-2\/\">Lees verder&#8230;<\/a><\/p>\n","protected":false},"featured_media":46450,"comment_status":"closed","ping_status":"closed","template":"","meta":[],"product_cat":[872,850,887,856,927],"product_tag":[],"_links":{"self":[{"href":"https:\/\/promz.be\/nl\/wp-json\/wp\/v2\/product\/46468"}],"collection":[{"href":"https:\/\/promz.be\/nl\/wp-json\/wp\/v2\/product"}],"about":[{"href":"https:\/\/promz.be\/nl\/wp-json\/wp\/v2\/types\/product"}],"replies":[{"embeddable":true,"href":"https:\/\/promz.be\/nl\/wp-json\/wp\/v2\/comments?post=46468"}],"wp:featuredmedia":[{"embeddable":true,"href":"https:\/\/promz.be\/nl\/wp-json\/wp\/v2\/media\/46450"}],"wp:attachment":[{"href":"https:\/\/promz.be\/nl\/wp-json\/wp\/v2\/media?parent=46468"}],"wp:term":[{"taxonomy":"product_cat","embeddable":true,"href":"https:\/\/promz.be\/nl\/wp-json\/wp\/v2\/product_cat?post=46468"},{"taxonomy":"product_tag","embeddable":true,"href":"https:\/\/promz.be\/nl\/wp-json\/wp\/v2\/product_tag?post=46468"}],"curies":[{"name":"wp","href":"https:\/\/api.w.org\/{rel}","templated":true}]}}