{"id":46739,"date":"2025-02-17T13:51:49","date_gmt":"2025-02-17T12:51:49","guid":{"rendered":"https:\/\/promz.be\/?post_type=product&#038;p=46739"},"modified":"2025-09-17T13:53:15","modified_gmt":"2025-09-17T11:53:15","slug":"beat-battle-kerstpakket-muziekspel","status":"publish","type":"product","link":"https:\/\/promz.be\/nl\/product\/beat-battle-kerstpakket-muziekspel\/","title":{"rendered":"Beat Battle Kerstpakket \u2013 Muziekspel"},"content":{"rendered":"","protected":false},"excerpt":{"rendered":"<table>\n<tbody>\n<tr>\n<td class=\"dataCont\">Muzikaal Kerstpakket \u2018Beat Battle\u2019 met borrelhapjes, thee, wijn &amp; spelplezier<\/p>\n<p>Ben je op zoek naar een uniek en muzikaal kerstpakket? Met het Beat Battle Kerstpakket geef je niet zomaar een cadeau, maar een avond vol plezier, spel en smaak. Dit kerstpakket draait om verbinding, lachen en muziekherkenning \u2013 perfect voor collega\u2019s, relaties of muziekliefhebbers in je team.<\/p>\n<p>Centraal in dit pakket staat het bordspel Beat Battle, waarbij teams elkaar uitdagen in vijf muzikale categorie\u00ebn: neuri\u00ebn, tekenen, vragen, verboden woorden en gebaren. Raad het juiste nummer \u00e9n artiest, en speel je richting de winst!<\/p>\n<p>Naast het spel bevat dit pakket een heerlijke selectie van luxe snacks, zoals handcooked chips, cashewnoten, luxe chocolaatjes, tapas, borrelnoten, premium thee, koekjes en brownies. Ook aan de sfeer is gedacht: een porseleinen serveerset met plankje, theelichten en een stijlvolle waxinelichthouder. De bijgevoegde Aleixo wijn en Steenberge premium pilsener maken het feest compleet.<\/p>\n<p>Inhoud Beat Battle Kerstpakket:<\/p>\n<p>-Beat Battle bordspel van Jens living<br \/>\n-Waxinelichthouder, set van 2<br \/>\n-Theelichten, 10 stuks wit<br \/>\n-Porseleinen serveerset met plankje<br \/>\n-Steenberge \u2013 premium pilsener<br \/>\n-Aleixo wijn 250 ml<br \/>\n-Beautiful nuts cashew zakje goud, 40 gram<br \/>\n-Chips handcooked salt zwart, 125 gram<br \/>\n-Chocolates de luxe zwart, 180 gram<br \/>\n-Borrelnoten zwart, 70 gram<br \/>\n-Pepermunt zwart, 75 gram<br \/>\n-Pick your compliment thee selectie (3 smaken) 3 x<br \/>\n-Pick your compliment toffee cookies, 133 gram<br \/>\n-Pick your compliment brownies giftbox, 100 gram<br \/>\n-Taste collection tapas trio plank, 70 gram<br \/>\n-Delizioso allioli, 130 gram<br \/>\n-Delizioso scrocchi zeezout, 150 gram<br \/>\n-Old Amsterdam cr\u00e8me, 125 gram<br \/>\n-Bf-chocolade boomhanger goud 87,5 gram<br \/>\n-Opmaak<br \/>\n-Kerstdoos<\/td>\n<\/tr>\n<\/tbody>\n<\/table>\n<p> [&#8230;]<\/p>\n<p><a class=\"btn btn-secondary understrap-read-more-link\" href=\"https:\/\/promz.be\/nl\/product\/beat-battle-kerstpakket-muziekspel\/\">Lees verder&#8230;<\/a><\/p>\n","protected":false},"featured_media":46730,"comment_status":"closed","ping_status":"closed","template":"","meta":[],"product_cat":[887,894,926],"product_tag":[],"_links":{"self":[{"href":"https:\/\/promz.be\/nl\/wp-json\/wp\/v2\/product\/46739"}],"collection":[{"href":"https:\/\/promz.be\/nl\/wp-json\/wp\/v2\/product"}],"about":[{"href":"https:\/\/promz.be\/nl\/wp-json\/wp\/v2\/types\/product"}],"replies":[{"embeddable":true,"href":"https:\/\/promz.be\/nl\/wp-json\/wp\/v2\/comments?post=46739"}],"wp:featuredmedia":[{"embeddable":true,"href":"https:\/\/promz.be\/nl\/wp-json\/wp\/v2\/media\/46730"}],"wp:attachment":[{"href":"https:\/\/promz.be\/nl\/wp-json\/wp\/v2\/media?parent=46739"}],"wp:term":[{"taxonomy":"product_cat","embeddable":true,"href":"https:\/\/promz.be\/nl\/wp-json\/wp\/v2\/product_cat?post=46739"},{"taxonomy":"product_tag","embeddable":true,"href":"https:\/\/promz.be\/nl\/wp-json\/wp\/v2\/product_tag?post=46739"}],"curies":[{"name":"wp","href":"https:\/\/api.w.org\/{rel}","templated":true}]}}