{"id":7361,"date":"2018-01-04T00:00:00","date_gmt":"2018-01-04T00:00:00","guid":{"rendered":"https:\/\/promz.be\/product\/chocolade-munten\/"},"modified":"2018-07-18T08:34:38","modified_gmt":"2018-07-18T08:34:38","slug":"chocolade-munten","status":"publish","type":"product","link":"https:\/\/promz.be\/nl\/product\/chocolade-munten\/","title":{"rendered":"Chocolade munten"},"content":{"rendered":"<p>Chocolademunten die aan \u00e9\u00e9n of twee zijden worden voorzien van uw logo of tekst in reli\u00ebf. De munten kunnen ook worden geleverd als Euromunt.<\/p>\n","protected":false},"excerpt":{"rendered":"<p>Chocolademunten die aan \u00e9\u00e9n of twee zijden worden voorzien van uw logo of tekst in reli\u00ebf. De munten kunnen ook worden geleverd als Euromunt. [&#8230;]<\/p>\n<p><a class=\"btn btn-secondary understrap-read-more-link\" href=\"https:\/\/promz.be\/nl\/product\/chocolade-munten\/\">Lees verder&#8230;<\/a><\/p>\n","protected":false},"featured_media":7362,"comment_status":"closed","ping_status":"open","template":"","meta":[],"product_cat":[880,860,850,905],"product_tag":[1594,1049,1682],"_links":{"self":[{"href":"https:\/\/promz.be\/nl\/wp-json\/wp\/v2\/product\/7361"}],"collection":[{"href":"https:\/\/promz.be\/nl\/wp-json\/wp\/v2\/product"}],"about":[{"href":"https:\/\/promz.be\/nl\/wp-json\/wp\/v2\/types\/product"}],"replies":[{"embeddable":true,"href":"https:\/\/promz.be\/nl\/wp-json\/wp\/v2\/comments?post=7361"}],"wp:featuredmedia":[{"embeddable":true,"href":"https:\/\/promz.be\/nl\/wp-json\/wp\/v2\/media\/7362"}],"wp:attachment":[{"href":"https:\/\/promz.be\/nl\/wp-json\/wp\/v2\/media?parent=7361"}],"wp:term":[{"taxonomy":"product_cat","embeddable":true,"href":"https:\/\/promz.be\/nl\/wp-json\/wp\/v2\/product_cat?post=7361"},{"taxonomy":"product_tag","embeddable":true,"href":"https:\/\/promz.be\/nl\/wp-json\/wp\/v2\/product_tag?post=7361"}],"curies":[{"name":"wp","href":"https:\/\/api.w.org\/{rel}","templated":true}]}}